{"id":2314,"date":"2017-09-03T22:03:31","date_gmt":"2017-09-03T20:03:31","guid":{"rendered":"http:\/\/groupe-mazzika.com\/?page_id=2314"},"modified":"2021-01-18T10:31:46","modified_gmt":"2021-01-18T09:31:46","slug":"terms","status":"publish","type":"page","link":"https:\/\/yallaband.com\/en\/terms\/","title":{"rendered":"Terms and Conditions"},"content":{"rendered":"<p><strong>PREAMBULE<\/strong><\/p>\n<p>Dans le cadre de ses activit\u00e9s d&#8217;organisateur d&#8217;\u00e9v\u00e9nements, Mazzika propose, le cas \u00e9ch\u00e9ant avec ses partenaires, \u00e0 toute personne physique ou morale souhaitant organiser un \u00e9v\u00e9nement (ci-apr\u00e8s &#8221; le Client &#8220;), ses propres services ou des services de tiers prestataire(s). Le Client int\u00e9ress\u00e9 par les services de Mazzika lui d\u00e9l\u00e8gue la responsabilit\u00e9 de l&#8217;organisation de l&#8217;\u00e9v\u00e9nement par la signature d\u2019un devis ou par la commande de prestations sur le site internet&nbsp;: <a href=\"http:\/\/groupe-mazzika.com\">http:\/\/groupe-mazzika.com<\/a> (ci-apr\u00e8s \u00ab&nbsp;Site Internet&nbsp;\u00bb).<\/p>\n<p><strong>Article 1 \u2013 Conditions d\u2019application<\/strong><\/p>\n<p>Les pr\u00e9sentes Conditions G\u00e9n\u00e9rales s&#8217;appliquent \u00e0 toutes les prestations effectu\u00e9es par MAZZIKA. Ces conditions G\u00e9n\u00e9rales sont adress\u00e9es au Client en m\u00eame temps que le devis et sont \u00e9galement disponibles sur le Site Internet de Mazzika. En cas de contradiction entre les Conditions Particuli\u00e8res figurant sur le devis sign\u00e9 par le Client et celles figurant aux pr\u00e9sentes Conditions G\u00e9n\u00e9rales, les conditions particuli\u00e8res du devis seront applicables en priorit\u00e9.<\/p>\n<p><strong>Article 2 \u2013 Devis \/ Commande Internet<\/strong><\/p>\n<p>Le Client d\u00e9l\u00e8gue \u00e0 Mazzika, qui accepte la responsabilit\u00e9 de l\u2019organisation de l\u2019\u00e9v\u00e9nement correspondant, au stade du pr\u00e9sent, aux crit\u00e8res qui seront d\u00e9crits dans le devis ou sur le Site Internet de Mazzika. Ce devis (ou la commande Internet) comporte la d\u00e9signation et le type de prestations s\u00e9lectionn\u00e9es par le Client ainsi que les co\u00fbts correspondant. La signature du devis ou la commande par l\u2019interm\u00e9diaire du Site Internet vaut acceptation des tarifs des prestations et des conditions g\u00e9n\u00e9rales de vente.<\/p>\n<p>Les devis \u00e9tablis par Mazzika ainsi que les commandes sur le Site Internet sont consid\u00e9r\u00e9s comme des contrats de cessions des diff\u00e9rentes prestations artistiques propos\u00e9es par Mazzika.<\/p>\n<p><strong>Article 3 \u2013 Obligations de Mazzika<\/strong><\/p>\n<p>A la demande du Client, Mazzika r\u00e9alise un premier rendez-vous libre de tout engagement du Client. Les obligations de Mazzika quant au respect des crit\u00e8res du Client pourront \u00eatre red\u00e9finies si un cahier des charges plus pr\u00e9cis est \u00e9tabli et accept\u00e9 par les parties. Mazzika s\u2019engage \u00e0 ne pas divulguer les informations fournies par le Client qui seront tenues pour confidentielles. Pendant la dur\u00e9e de la prestation, Mazzika s\u2019engage \u00e0 mettre en \u0153uvre tous les composants tels que d\u00e9finis dans le devis (ou sur le Site Internet de Mazzika).<\/p>\n<p><strong>Article 4 \u2013 Obligations du Client<\/strong><\/p>\n<p>La signature du devis (ou l\u2019acceptation des conditions g\u00e9n\u00e9rales de vente sur notre Site Internet) vaut acceptation des prestations propos\u00e9es et engage le Client \u00e0 honorer le montant total du devis (ou de la commande internet). Le Client s\u2019engage \u00e0 ne pas dissimuler \u00e0 Mazzika ou ses intervenants, dissimulation qui serait de nature \u00e0 retarder, entraver, contrarier, d\u00e9sorganiser le projet ou sa r\u00e9alisation. Le Client fera en sorte de faciliter l\u2019acc\u00e8s aux informations dont l\u2019Organisateur aurait besoin.<\/p>\n<p>Le Client s\u2019engage \u00e0 ne pas intervenir directement ou indirectement, avant, pendant et apr\u00e8s l\u2019\u00e9v\u00e9nement, aupr\u00e8s des artistes, personnels, collaborateurs, fournisseurs et sous-traitants de Mazzika. Le Client s\u2019engage \u00e0 fournir un repas chaud aux musiciens et artistes engag\u00e9s pour la r\u00e9alisation de la prestation. Mazzika se r\u00e9serve le droit de facturer au client une somme de 25 \u20ac\/intervenant (vingt-cinq euros) si le Client ne respecte pas cet engagement.<\/p>\n<p>Le client s\u2019engage \u00e0 autoriser Mazzika \u00e0 enregistrer et filmer les prestations r\u00e9alis\u00e9es. Le client ne peut pas s\u2019opposer \u00e0 l\u2019utilisation par Mazzika des supports Media (Vid\u00e9os, Photos et audio) enregistr\u00e9s pendant la prestation pour des fins publicitaires ou promotionnelle y compris lorsque d\u2019autres personnes \/ prestataires \/ convives apparaissent sur ces supports.<\/p>\n<p><strong>Article 5 \u2013 Honoraires<\/strong><\/p>\n<p>Mazzika percevra au titre de sa prestation des honoraires d\u2019intervention d\u00e9finis dans le devis ou sur notre site internet.<\/p>\n<p>A la signature du devis (ou \u00e0 la commande sur notre Site Internet, le client s\u2019engage \u00e0 verser un acompte qui sera mentionn\u00e9 sur le devis et \/ ou sur le site. Le versement de la somme restante devrait \u00eatre r\u00e9alis\u00e9 par le client selon les modalit\u00e9s suivantes&nbsp;: 15 jours calendaires avant la date de la prestation en cas de r\u00e8glement par ch\u00e8que, 5 jours calendaires en cas de r\u00e8glement par virement bancaire et le jour J avant le d\u00e9but de la prestation en cas de paiement par esp\u00e8ces ou par carte bancaire. Mazzika est en plein droit d\u2019annuler la prestation compl\u00e8te, sans aucune possibilit\u00e9 de remboursement ni sommes d\u00e9j\u00e0 r\u00e9gl\u00e9es, si ces modalit\u00e9s de paiement ne sont pas respect\u00e9es.<\/p>\n<p>Sauf mention contraire sur le devis, l\u2019heure maximale de fin de prestation est 4h du matin pour la prestation DJ et 1h de matin pour la prestation orchestre. En cas de d\u00e9passement de ces horaires, Mazzika se r\u00e9serve le droit de facturer un suppl\u00e9ment horaire de 100 \u20ac\/intervenant si le client souhaite rallonger la dur\u00e9e de la prestation en dehors des horaires d\u00e9finis dans le contrat.<\/p>\n<p>Lors de votre paiement sur notre site internet, notre prestataire de paiement conservera d&#8217;une mani\u00e8re s\u00e9curis\u00e9e une empreinte de votre carte bancaire qui pourra \u00eatre utilis\u00e9e par Mazzika pour le r\u00e8glement du Solde de la prestation et \/ ou des heures suppl\u00e9mentaires r\u00e9alis\u00e9es. En acceptant nos conditions g\u00e9n\u00e9rales de vente, vous donnez \u00e0 Mazzika le droit de d\u00e9biter la carte bancaire utilis\u00e9e lors du premier paiement pour les r\u00e8glements cit\u00e9s plus haut.<\/p>\n<p><strong>Article 6 : Responsabilit\u00e9s<\/strong><\/p>\n<p>Le Client est responsable de tout dommage, direct ou indirect, que lui-m\u00eame ou les participants pourraient causer au cours de la manifestation.<\/p>\n<p>Le Client d\u00e9clare et garantit avoir la pleine capacit\u00e9 juridique lui permettant de s\u2019engager au titre du contrat et qu\u2019il est titulaire d\u2019une assurance responsabilit\u00e9 civile en cours de validit\u00e9. A cet effet le Client s\u2019engage \u00e0 renoncer et \u00e0 faire renoncer ses assureurs et\/ou tout convive le cas \u00e9ch\u00e9ant, \u00e0 tous recours \u00e0 l\u2019encontre de Mazzika en cas de survenance de l\u2019un quelconque des \u00e9v\u00e9nements pr\u00e9cit\u00e9s.<\/p>\n<p>Mazzika d\u00e9cline toute responsabilit\u00e9 pour les dommages de quelque nature que ce soit (vols, d\u00e9gradations \u2026) affectant les biens de toute nature (effets personnels, mat\u00e9riels, \u2026) apport\u00e9s par le Client ou appartenant aux participants, quelques soit l\u2019endroit o\u00f9 les biens sont entrepos\u00e9s (parking, salons \u2026). Mazzika sera d\u00e9gag\u00e9 de toute obligation au cas o\u00f9 un \u00e9v\u00e9nement de force majeure ou de cas fortuit, surviendrait (incendie, d\u00e9g\u00e2t des eaux \u2026).<\/p>\n<p>En aucun cas Mazzika ne peut \u00eatre tenue pour responsable des pr\u00e9judices directs ou indirects li\u00e9s \u00e0 l&#8217;ex\u00e9cution de la (des) prestation(s) fournie(s). Mazzika conseille vivement au Client de se rapprocher de son courtier\/agent et\/ou assureur afin d&#8217;\u00e9tudier avec lui la validit\u00e9 de son assurance responsabilit\u00e9 civile et la souscription \u00e9ventuelle d&#8217;une assurance compl\u00e9mentaire concernant l&#8217;\u00e9v\u00e8nement.<\/p>\n<p>Mazzika ne saurait \u00eatre tenue responsable des retards dans l\u2019organisation dus \u00e0 des cas forces majeurs tels que accidents de circulation, accidents&nbsp; humains, gr\u00e8ves, intemp\u00e9ries, r\u00e9voltes, manifestations, retard transport (SNCF, compagnies a\u00e9riennes\u2026).<\/p>\n<p><strong>ARTICLE 7 \u2013 Assurances \/ Annulation<\/strong><\/p>\n<p>Toute demande d\u2019annulation ou de report devrait \u00eatre transmise \u00e0 Mazzika par courrier avec accus\u00e9 de r\u00e9ception.<\/p>\n<p><u>Annulation par le Client<\/u> : Si la demande d\u2019annulation est faite dans un d\u00e9lai sup\u00e9rieur \u00e0 9 mois \u00e0 compter de la date de l\u2019\u00e9v\u00e8nement, Mazzika remboursera toutes les sommes r\u00e9gl\u00e9es par le client hors frais&nbsp;engag\u00e9s par Mazzika comme par exemple les billets d\u2019avion ou de train. Si la demande d\u2019annulation ou de report est faite dans un d\u00e9lai inf\u00e9rieur \u00e0 9 mois, le client ne pourra pas pr\u00e9tendre \u00e0 aucun remboursement ou changement de date. Mazzika sera lib\u00e9r\u00e9 de toute obligation envers le Client et celui-ci ne pourra pr\u00e9tendre ni au report de l&#8217;\u00e9v\u00e9nement \u00e0 une autre date, ni au remboursement des sommes d\u2019ores et d\u00e9j\u00e0 vers\u00e9es et conserv\u00e9es par Mazzika \u00e0 titre d\u2019indemnit\u00e9 de r\u00e9siliation contractuelle irr\u00e9ductible.<\/p>\n<p><u>Annulation par Mazzika<\/u> : en cas d\u2019annulation par Mazzika d\u2019une ou de plusieurs prestations devant \u00eatre effectu\u00e9e(s) \u00e0 son Client, Mazzika rembourse les sommes per\u00e7ues correspondants aux prestations annul\u00e9es. Mazzika s\u2019engage \u00e0 d\u00e9panner le client, si possible, en lui proposant une prestation \u00e9quivalente \u00e0 la prestation annul\u00e9e, effectu\u00e9e par un prestataire tiers.<\/p>\n<p><strong>Article 8 \u2013 R\u00e9clamations<\/strong><\/p>\n<p>Tout litige relatif \u00e0 l&#8217;interpr\u00e9tation et \u00e0 l&#8217;ex\u00e9cution des pr\u00e9sentes conditions g\u00e9n\u00e9rales de vente est soumis au droit fran\u00e7ais.\u00c0 d\u00e9faut de r\u00e9solution amiable, le litige sera port\u00e9 devant le Tribunal de commerce de Paris.<\/p>\n<p>Toute contestation ou r\u00e9clamation ne pourra \u00eatre prise en consid\u00e9ration que si elle est formul\u00e9e par \u00e9crit et adress\u00e9e par courrier RAR \u00e0 <strong>Mazzika, 10 Rue JUGE- 75015 Paris<\/strong>, dans les huit (8) jours calendaires qui suivent la date de l\u2019\u00e9v\u00e8nement. Les r\u00e9clamations formul\u00e9es en dehors de ces conditions ne seront pas prises en compte.<\/p>\n","protected":false},"excerpt":{"rendered":"<p>PREAMBULE Dans le cadre de ses activit\u00e9s d&#8217;organisateur d&#8217;\u00e9v\u00e9nements, Mazzika propose, le cas [&hellip;]<\/p>\n","protected":false},"author":1,"featured_media":0,"parent":0,"menu_order":0,"comment_status":"closed","ping_status":"closed","template":"template-fullwidth.php","meta":{"_exactmetrics_skip_tracking":false,"_exactmetrics_sitenote_active":false,"_exactmetrics_sitenote_note":"","_exactmetrics_sitenote_category":0,"footnotes":""},"class_list":["post-2314","page","type-page","status-publish","hentry"],"aioseo_notices":[],"_links":{"self":[{"href":"https:\/\/yallaband.com\/en\/wp-json\/wp\/v2\/pages\/2314","targetHints":{"allow":["GET"]}}],"collection":[{"href":"https:\/\/yallaband.com\/en\/wp-json\/wp\/v2\/pages"}],"about":[{"href":"https:\/\/yallaband.com\/en\/wp-json\/wp\/v2\/types\/page"}],"author":[{"embeddable":true,"href":"https:\/\/yallaband.com\/en\/wp-json\/wp\/v2\/users\/1"}],"replies":[{"embeddable":true,"href":"https:\/\/yallaband.com\/en\/wp-json\/wp\/v2\/comments?post=2314"}],"version-history":[{"count":0,"href":"https:\/\/yallaband.com\/en\/wp-json\/wp\/v2\/pages\/2314\/revisions"}],"wp:attachment":[{"href":"https:\/\/yallaband.com\/en\/wp-json\/wp\/v2\/media?parent=2314"}],"curies":[{"name":"wp","href":"https:\/\/api.w.org\/{rel}","templated":true}]}}